{"id":87,"date":"2026-03-23T20:27:26","date_gmt":"2026-03-23T20:27:26","guid":{"rendered":"http:\/\/zhunzsb.cluster121.hosting.ovh.net\/?page_id=87"},"modified":"2026-04-10T22:56:36","modified_gmt":"2026-04-10T20:56:36","slug":"nos-formats","status":"publish","type":"page","link":"https:\/\/brigadedelimprevisible.fr\/index.php\/nos-formats\/","title":{"rendered":"Nos formats"},"content":{"rendered":"\n<div class=\"wp-block-uagb-container uagb-block-c760bcd0 alignfull uagb-is-root-container\"><div class=\"uagb-container-inner-blocks-wrap\">\n<p>Le spectacle d\u2019improvisation th\u00e9\u00e2trale se d\u00e9cline en diff\u00e9rentes formes. \u00c0 la Brigade de L\u2019Impr\u00e9visible, nous vous proposons principalement quatre formats de spectacles : le match, le catch, le cabaret et la jam&#8230; ainsi que Destin\u00e9s, notre format exclusif.<\/p>\n<\/div><\/div>\n\n\n\n<div class=\"wp-block-uagb-container uagb-block-d554978e alignfull uagb-is-root-container\"><div class=\"uagb-container-inner-blocks-wrap\">\n<div class=\"wp-block-uagb-advanced-heading uagb-block-374db47f\"><h2 class=\"uagb-heading-text\">Le match<\/h2><\/div>\n\n\n\n<div class=\"wp-block-uagb-container uagb-block-a03afcc3\">\n<div class=\"wp-block-uagb-container uagb-block-298b328b\">\n<p>Invent\u00e9 en 1977 au Qu\u00e9bec, le match est LE format embl\u00e9matique de l\u2019improvisation th\u00e9\u00e2trale. Il s\u2019agit d\u2019une comp\u00e9tition opposant deux \u00e9quipes de 4 joueurs chacune ainsi qu\u2019un coach. Sous la supervision impitoyable d\u2019un arbitre et de ses assistants, les \u00e9quipes s\u2019affrontent sur une patinoire transform\u00e9e en sc\u00e8ne, o\u00f9 chaque improvisation est chronom\u00e9tr\u00e9e et jug\u00e9e par le public. Le match se d\u00e9roule g\u00e9n\u00e9ralement en 2 p\u00e9riodes de 45 minutes, entrecoup\u00e9es d\u2019une pause, et comprend deux types d\u2019improvisations : les compar\u00e9es, o\u00f9 chaque \u00e9quipe joue s\u00e9par\u00e9ment sur le m\u00eame th\u00e8me, et les mixtes, o\u00f9 des joueurs des deux \u00e9quipes improvisent ensemble. Les th\u00e8mes sont tir\u00e9s au hasard et annonc\u00e9s par l\u2019arbitre, tandis que les joueurs disposent de 20 secondes pour se concerter avant de commencer (c\u2019est le caucus). \u00c0 la fin de chaque improvisation, le public vote pour l\u2019\u00e9quipe gagnante, influen\u00e7ant ainsi le score final. En cas d\u2019\u00e9galit\u00e9 \u00e0 la fin du temps r\u00e9glementaire, une improvisation suppl\u00e9mentaire est jou\u00e9e pour d\u00e9terminer le vainqueur. Ce format reprend les codes du hockey sur glace : les com\u00e9diens jouent en maillot de hockey, l\u2019arbitre porte une tenue ray\u00e9e\u2026<\/p>\n<\/div>\n\n\n\n<div class=\"wp-block-uagb-container uagb-block-76bbb0d5\">\n<div class=\"wp-block-uagb-image uagb-block-91d1ffd2 wp-block-uagb-image--layout-default wp-block-uagb-image--effect-static wp-block-uagb-image--align-none\"><figure class=\"wp-block-uagb-image__figure\"><img loading=\"lazy\" decoding=\"async\" srcset=\"https:\/\/brigadedelimprevisible.fr\/wp-content\/uploads\/2026\/03\/WhatsApp-Image-2024-09-26-at-07.53.03-1024x768.jpeg ,https:\/\/brigadedelimprevisible.fr\/wp-content\/uploads\/2026\/03\/WhatsApp-Image-2024-09-26-at-07.53.03.jpeg 780w, https:\/\/brigadedelimprevisible.fr\/wp-content\/uploads\/2026\/03\/WhatsApp-Image-2024-09-26-at-07.53.03.jpeg 360w\" sizes=\"auto, (max-width: 480px) 150px\" src=\"https:\/\/brigadedelimprevisible.fr\/wp-content\/uploads\/2026\/03\/WhatsApp-Image-2024-09-26-at-07.53.03-1024x768.jpeg\" alt=\"\" class=\"uag-image-52\" width=\"950\" height=\"713\" title=\"WhatsApp-Image-2024-09-26-at-07.53.03\" loading=\"lazy\" role=\"img\"\/><\/figure><\/div>\n<\/div>\n<\/div>\n<\/div><\/div>\n\n\n\n<div class=\"wp-block-uagb-container uagb-block-68621017 alignfull uagb-is-root-container\"><div class=\"uagb-container-inner-blocks-wrap\">\n<div class=\"wp-block-uagb-advanced-heading uagb-block-c6c126d9\"><h2 class=\"uagb-heading-text\">Le catch<\/h2><\/div>\n\n\n\n<div class=\"wp-block-uagb-container uagb-block-1b1f4bd6\">\n<div class=\"wp-block-uagb-container uagb-block-7ece4616\">\n<div class=\"wp-block-uagb-image uagb-block-c6080757 wp-block-uagb-image--layout-default wp-block-uagb-image--effect-static wp-block-uagb-image--align-none\"><figure class=\"wp-block-uagb-image__figure\"><img loading=\"lazy\" decoding=\"async\" srcset=\"https:\/\/brigadedelimprevisible.fr\/wp-content\/uploads\/2026\/03\/WhatsApp-Image-2024-10-02-at-22.50.42-1024x768.jpeg ,https:\/\/brigadedelimprevisible.fr\/wp-content\/uploads\/2026\/03\/WhatsApp-Image-2024-10-02-at-22.50.42.jpeg 780w, https:\/\/brigadedelimprevisible.fr\/wp-content\/uploads\/2026\/03\/WhatsApp-Image-2024-10-02-at-22.50.42.jpeg 360w\" sizes=\"auto, (max-width: 480px) 150px\" src=\"https:\/\/brigadedelimprevisible.fr\/wp-content\/uploads\/2026\/03\/WhatsApp-Image-2024-10-02-at-22.50.42-1024x768.jpeg\" alt=\"\" class=\"uag-image-55\" width=\"950\" height=\"713\" title=\"WhatsApp-Image-2024-10-02-at-22.50.42\" loading=\"lazy\" role=\"img\"\/><\/figure><\/div>\n<\/div>\n\n\n\n<div class=\"wp-block-uagb-container uagb-block-86f8fd50\">\n<p>\u00c0 l\u2019instar du match, le catch d\u2019impro est une comp\u00e9tition qui voit s\u2019affronter deux \u00e9quipes. Mais \u00e0 la diff\u00e9rence de ce dernier, le catch propose une toute autre ambiance de spectacle. Chaque \u00e9quipe n\u2019est compos\u00e9e que de deux joueurs seulement ! Il n\u2019y a pas de temps de r\u00e9flexion avant les impro \u2013 pas de caucus -, les impro sont globalement courtes et tr\u00e8s dynamiques. L\u2019arbitre ne siffle aucune faute : tous les coups sont permis ! Autre d\u00e9tail : les joueurs doivent incarner un personnage quand ils ne jouent pas (entre deux impros) et ce du d\u00e9but \u00e0 la fin du spectacle ! Libre \u00e0 chaque \u00e9quipe de choisir quel personnage incarner.<br><\/p>\n<\/div>\n<\/div>\n<\/div><\/div>\n\n\n\n<div class=\"wp-block-uagb-container uagb-block-ef0f7d30 alignfull uagb-is-root-container\"><div class=\"uagb-container-inner-blocks-wrap\">\n<div class=\"wp-block-uagb-advanced-heading uagb-block-e663d86a\"><h2 class=\"uagb-heading-text\">Le cabaret<\/h2><\/div>\n\n\n\n<div class=\"wp-block-uagb-container uagb-block-54ecc9d7\">\n<div class=\"wp-block-uagb-container uagb-block-3054f6be\">\n<p>Plus chill et familial, le cabaret n\u2019est pas \u00e0 proprement parler un format puisqu\u2019il peut prendre un nombre infini de formes diff\u00e9rentes. Dans l\u2019ensemble, un cabaret est un spectacle d\u2019impro qui n\u2019est pas un match ou un catch. Pas de comp\u00e9tition \u00e0 l\u2019\u0153uvre : les com\u00e9diens improvisent en suivant les contraintes donn\u00e9es par un MC (ma\u00eetre de c\u00e9r\u00e9monie). Le cabaret est g\u00e9n\u00e9ralement un lieu d\u2019exp\u00e9rimentation et de libert\u00e9 cr\u00e9ative pour les com\u00e9diens.<\/p>\n<\/div>\n\n\n\n<div class=\"wp-block-uagb-container uagb-block-f196d188\">\n<div class=\"wp-block-uagb-image uagb-block-57971c01 wp-block-uagb-image--layout-default wp-block-uagb-image--effect-static wp-block-uagb-image--align-none\"><figure class=\"wp-block-uagb-image__figure\"><img loading=\"lazy\" decoding=\"async\" srcset=\"https:\/\/brigadedelimprevisible.fr\/wp-content\/uploads\/2026\/03\/WhatsApp-Image-2024-11-16-at-08.30.081-1024x768.jpeg ,http:\/\/zhunzsb.cluster121.hosting.ovh.net\/wp-content\/uploads\/2026\/03\/WhatsApp-Image-2024-11-16-at-08.30.081.jpeg 780w, http:\/\/zhunzsb.cluster121.hosting.ovh.net\/wp-content\/uploads\/2026\/03\/WhatsApp-Image-2024-11-16-at-08.30.081.jpeg 360w\" sizes=\"auto, (max-width: 480px) 150px\" src=\"https:\/\/brigadedelimprevisible.fr\/wp-content\/uploads\/2026\/03\/WhatsApp-Image-2024-11-16-at-08.30.081-1024x768.jpeg\" alt=\"\" class=\"uag-image-59\" width=\"1024\" height=\"768\" title=\"WhatsApp-Image-2024-11-16-at-08.30.081\" loading=\"lazy\" role=\"img\"\/><\/figure><\/div>\n<\/div>\n<\/div>\n<\/div><\/div>\n\n\n\n<div class=\"wp-block-uagb-container uagb-block-e0024038 alignfull uagb-is-root-container\"><div class=\"uagb-container-inner-blocks-wrap\">\n<div class=\"wp-block-uagb-advanced-heading uagb-block-33a6d95b\"><h2 class=\"uagb-heading-text\">Destin\u00e9s<\/h2><\/div>\n\n\n\n<div class=\"wp-block-uagb-container uagb-block-92a6ecec\">\n<div class=\"wp-block-uagb-container uagb-block-24dc02fd\">\n<div class=\"wp-block-uagb-image uagb-block-b4739589 wp-block-uagb-image--layout-default wp-block-uagb-image--effect-static wp-block-uagb-image--align-none\"><figure class=\"wp-block-uagb-image__figure\"><img loading=\"lazy\" decoding=\"async\" srcset=\"https:\/\/brigadedelimprevisible.fr\/wp-content\/uploads\/2026\/03\/destinee-1024x1024.jpeg ,http:\/\/zhunzsb.cluster121.hosting.ovh.net\/wp-content\/uploads\/2026\/03\/destinee.jpeg 780w, http:\/\/zhunzsb.cluster121.hosting.ovh.net\/wp-content\/uploads\/2026\/03\/destinee.jpeg 360w\" sizes=\"auto, (max-width: 480px) 150px\" src=\"https:\/\/brigadedelimprevisible.fr\/wp-content\/uploads\/2026\/03\/destinee-1024x1024.jpeg\" alt=\"\" class=\"uag-image-149\" width=\"1024\" height=\"1024\" title=\"destinee\" loading=\"lazy\" role=\"img\"\/><\/figure><\/div>\n<\/div>\n\n\n\n<div class=\"wp-block-uagb-container uagb-block-f23eae5d\">\n<p>Destin\u00e9 c&rsquo;est l&rsquo;histoire d&rsquo;une rencontre entre deux personnes. Nous vous invitons \u00e0 suivre la destin\u00e9 de deux inconnus qui se rencontrent lors d&rsquo;un speed dating et tombent amoureux l&rsquo;un de l&rsquo;autre. La vie d&rsquo;un jeune couple n&rsquo;est pas toujours un long fleuve tranquille : ces deux \u00eatres sont-ils destin\u00e9s \u00e0 passer le restant de leur jour ensemble ? <br><br>La r\u00e9ponse \u00e0 cette question, ni vous ni les com\u00e9diens et com\u00e9diennes sur sc\u00e8ne ne la connaissent en avance. Destin\u00e9 est une pi\u00e8ce de th\u00e9\u00e2tre 100% improvis\u00e9e d&rsquo;une heure au cours de laquelle vous suivrez les aventures des deux protagonistes dans leur vie: moments de joies, quiproquos, tromperies, r\u00e9conciliation, belle-m\u00e8re, premier appartement, premier enfant, mariage ou s\u00e9paration&#8230;<\/p>\n<\/div>\n<\/div>\n<\/div><\/div>\n\n\n\n<div class=\"wp-block-uagb-container uagb-block-e2dcd55c alignfull uagb-is-root-container\"><div class=\"uagb-container-inner-blocks-wrap\">\n<div class=\"wp-block-uagb-advanced-heading uagb-block-e093bcdc\"><h2 class=\"uagb-heading-text\">La Jam<\/h2><\/div>\n\n\n\n<div class=\"wp-block-uagb-container uagb-block-62c18b33\">\n<div class=\"wp-block-uagb-container uagb-block-73bbccd0\">\n<p>Pour celles et ceux qui aiment se challenger un peu, ou qui souhaitent d\u00e9couvrir si l\u2019impro est une chose pour eux : vous pouvez venir improviser sur sc\u00e8ne (si, si ! sur la sc\u00e8ne, avec nous !) lors d\u2019une Jam. Il s\u2019agit d\u2019une sc\u00e8ne ouverte. Vous pouvez venir soit en tant que public (si vous ne vous sentez pas de jouer, on ne vous forcera pas) soit en tant que joueur et ce quel que soit votre exp\u00e9rience en improvisation (m\u00eame si vous n\u2019\u00eates jamais mont\u00e9 sur une sc\u00e8ne de votre vie). Si vous souhaitez monter sur sc\u00e8ne, vous serez appel\u00e9 par le MC \u00e0 un ou plusieurs moments du spectacle pour jouer avec d\u2019autres com\u00e9diens, exp\u00e9riment\u00e9s ou non.<br><\/p>\n<\/div>\n\n\n\n<div class=\"wp-block-uagb-container uagb-block-271f19d2 default uagb-is-root-container\">\n<div class=\"wp-block-uagb-image uagb-block-2c4c5752 wp-block-uagb-image--layout-default wp-block-uagb-image--effect-static wp-block-uagb-image--align-none\"><figure class=\"wp-block-uagb-image__figure\"><img loading=\"lazy\" decoding=\"async\" srcset=\"https:\/\/brigadedelimprevisible.fr\/wp-content\/uploads\/2026\/03\/cocus_people-1024x683.jpg ,http:\/\/zhunzsb.cluster121.hosting.ovh.net\/wp-content\/uploads\/2026\/03\/cocus_people.jpg 780w, http:\/\/zhunzsb.cluster121.hosting.ovh.net\/wp-content\/uploads\/2026\/03\/cocus_people.jpg 360w\" sizes=\"auto, (max-width: 480px) 150px\" src=\"https:\/\/brigadedelimprevisible.fr\/wp-content\/uploads\/2026\/03\/cocus_people-1024x683.jpg\" alt=\"\" class=\"uag-image-27\" width=\"1024\" height=\"683\" title=\"cocus_people\" loading=\"lazy\" role=\"img\"\/><\/figure><\/div>\n<\/div>\n<\/div>\n<\/div><\/div>\n\n\n\n<p><\/p>\n","protected":false},"excerpt":{"rendered":"<p>Le spectacle d\u2019improvisation th\u00e9\u00e2trale se d\u00e9cline en diff\u00e9rentes formes. \u00c0 la Brigade de L\u2019Impr\u00e9visible, nous vous proposons principalement quatre formats de spectacles : le match, le catch, le cabaret et la jam&#8230; ainsi que Destin\u00e9s, notre format exclusif. Le match Invent\u00e9 en 1977 au Qu\u00e9bec, le match est LE format embl\u00e9matique de l\u2019improvisation th\u00e9\u00e2trale. Il &hellip; <\/p>\n<p class=\"link-more\"><a href=\"https:\/\/brigadedelimprevisible.fr\/index.php\/nos-formats\/\" class=\"more-link\">Lire la suite de<span class=\"screen-reader-text\">\u00ab\u00a0Nos formats\u00a0\u00bb<\/span><\/a><\/p>\n","protected":false},"author":1,"featured_media":0,"parent":0,"menu_order":0,"comment_status":"closed","ping_status":"closed","template":"","meta":{"_uag_custom_page_level_css":"","_themeisle_gutenberg_block_has_review":false,"inspiro_hide_title":false,"footnotes":""},"class_list":["post-87","page","type-page","status-publish","hentry"],"uagb_featured_image_src":{"full":false,"thumbnail":false,"medium":false,"medium_large":false,"large":false,"1536x1536":false,"2048x2048":false,"inspiro-featured-image":false,"inspiro-loop":false,"inspiro-loop@2x":false},"uagb_author_info":{"display_name":"superbrigand","author_link":"https:\/\/brigadedelimprevisible.fr\/index.php\/author\/admin7155\/"},"uagb_comment_info":0,"uagb_excerpt":"Le spectacle d\u2019improvisation th\u00e9\u00e2trale se d\u00e9cline en diff\u00e9rentes formes. \u00c0 la Brigade de L\u2019Impr\u00e9visible, nous vous proposons principalement quatre formats de spectacles : le match, le catch, le cabaret et la jam&#8230; ainsi que Destin\u00e9s, notre format exclusif. Le match Invent\u00e9 en 1977 au Qu\u00e9bec, le match est LE format embl\u00e9matique de l\u2019improvisation th\u00e9\u00e2trale. Il\u2026","_links":{"self":[{"href":"https:\/\/brigadedelimprevisible.fr\/index.php\/wp-json\/wp\/v2\/pages\/87","targetHints":{"allow":["GET"]}}],"collection":[{"href":"https:\/\/brigadedelimprevisible.fr\/index.php\/wp-json\/wp\/v2\/pages"}],"about":[{"href":"https:\/\/brigadedelimprevisible.fr\/index.php\/wp-json\/wp\/v2\/types\/page"}],"author":[{"embeddable":true,"href":"https:\/\/brigadedelimprevisible.fr\/index.php\/wp-json\/wp\/v2\/users\/1"}],"replies":[{"embeddable":true,"href":"https:\/\/brigadedelimprevisible.fr\/index.php\/wp-json\/wp\/v2\/comments?post=87"}],"version-history":[{"count":5,"href":"https:\/\/brigadedelimprevisible.fr\/index.php\/wp-json\/wp\/v2\/pages\/87\/revisions"}],"predecessor-version":[{"id":160,"href":"https:\/\/brigadedelimprevisible.fr\/index.php\/wp-json\/wp\/v2\/pages\/87\/revisions\/160"}],"wp:attachment":[{"href":"https:\/\/brigadedelimprevisible.fr\/index.php\/wp-json\/wp\/v2\/media?parent=87"}],"curies":[{"name":"wp","href":"https:\/\/api.w.org\/{rel}","templated":true}]}}