{"id":79,"date":"2026-03-23T20:21:28","date_gmt":"2026-03-23T20:21:28","guid":{"rendered":"http:\/\/zhunzsb.cluster121.hosting.ovh.net\/?page_id=79"},"modified":"2026-04-10T22:58:08","modified_gmt":"2026-04-10T20:58:08","slug":"intervenants","status":"publish","type":"page","link":"https:\/\/brigadedelimprevisible.fr\/index.php\/intervenants\/","title":{"rendered":"Intervenants"},"content":{"rendered":"\n<div class=\"wp-block-uagb-advanced-heading uagb-block-976adf47\"><h2 class=\"uagb-heading-text\">Nos profs<\/h2><\/div>\n\n\n\n<p>Parce que l&rsquo;improvisation \u00e7a ne s\u2019improvise pas, nous nous entrainons toutes les semaines lors d&rsquo;atelier supervis\u00e9s par des professeurs d&rsquo;exception : tous des pro, des vrais !<\/p>\n\n\n\n<div class=\"wp-block-uagb-container uagb-block-3f92560c alignfull uagb-is-root-container\"><div class=\"uagb-container-inner-blocks-wrap\">\n<div class=\"wp-block-uagb-container uagb-block-3a75a280\">\n<div class=\"wp-block-uagb-team uagb-team__image-position-above uagb-team__align-center uagb-team__stack-tablet uagb-block-9e091020\"><div class=\"uagb-team__content\"><img loading=\"lazy\" decoding=\"async\" class=\"uagb-team__image-crop-circle\" src=\"https:\/\/brigadedelimprevisible.fr\/wp-content\/uploads\/2026\/03\/xavier_dols-150x150.jpeg\" alt=\"\" height=\"100\" width=\"100\" loading=\"lazy\"\/><h3 class=\"uagb-team__title\">Xavier Dols<\/h3><span class=\"uagb-team__prefix\">Com\u00e9dien<\/span><p class=\"uagb-team__desc\">Xavier Dols est un com\u00e9dien professionnel passionn\u00e9 par l\u2019improvisation, avec plusieurs ann\u00e9es d\u2019exp\u00e9rience sur sc\u00e8ne et dans l\u2019enseignement th\u00e9\u00e2tral. Son approche dynamique et bienveillante encourage chaque participant \u00e0 explorer sa cr\u00e9ativit\u00e9 tout en d\u00e9veloppant des techniques solides.<\/p><ul class=\"uagb-team__social-list\"><li class=\"uagb-team__social-icon\"><a href=\"https:\/\/www.instagram.com\/xavier_dols\/\" aria-label=\"instagram-square\" target=\"_blank\" title=\"\" rel=\"noopener noreferrer\"><svg xmlns=\"https:\/\/www.w3.org\/2000\/svg\" viewBox=\"0 0 448 512\"><path d=\"M224 202.7A53.34 53.34 0 1 0 277.4 256 53.38 53.38 0 0 0 224 202.7zm124.7-41a54 54 0 0 0 -30.41-30.41c-21-8.29-71-6.43-94.3-6.43s-73.25-1.93-94.31 6.43a54 54 0 0 0 -30.41 30.41c-8.28 21-6.43 71.05-6.43 94.33S91 329.3 99.32 350.3a54 54 0 0 0 30.41 30.41c21 8.29 71 6.43 94.31 6.43s73.24 1.93 94.3-6.43a54 54 0 0 0 30.41-30.41c8.35-21 6.43-71.05 6.43-94.33S357.1 182.7 348.8 161.7zM224 338a82 82 0 1 1 82-82A81.9 81.9 0 0 1 224 338zm85.38-148.3a19.14 19.14 0 1 1 19.13-19.14A19.1 19.1 0 0 1 309.4 189.7zM400 32H48A48 48 0 0 0 0 80V432a48 48 0 0 0 48 48H400a48 48 0 0 0 48-48V80A48 48 0 0 0 400 32zM382.9 322c-1.29 25.63-7.14 48.34-25.85 67s-41.4 24.63-67 25.85c-26.41 1.49-105.6 1.49-132 0-25.63-1.29-48.26-7.15-67-25.85s-24.63-41.42-25.85-67c-1.49-26.42-1.49-105.6 0-132 1.29-25.63 7.07-48.34 25.85-67s41.47-24.56 67-25.78c26.41-1.49 105.6-1.49 132 0 25.63 1.29 48.33 7.15 67 25.85s24.63 41.42 25.85 67.05C384.4 216.4 384.4 295.6 382.9 322z\"><\/path><\/svg><\/a><\/li><li class=\"uagb-team__social-icon\"><a href=\"https:\/\/www.facebook.com\/xavier.dols.7\/?locale=fr_FR\" aria-label=\"facebook\" target=\"_blank\" title=\"\" rel=\"noopener noreferrer\"><svg xmlns=\"https:\/\/www.w3.org\/2000\/svg\" viewBox=\"0 0 512 512\"><path d=\"M504 256C504 119 393 8 256 8S8 119 8 256c0 123.8 90.69 226.4 209.3 245V327.7h-63V256h63v-54.64c0-62.15 37-96.48 93.67-96.48 27.14 0 55.52 4.84 55.52 4.84v61h-31.28c-30.8 0-40.41 19.12-40.41 38.73V256h68.78l-11 71.69h-57.78V501C413.3 482.4 504 379.8 504 256z\"><\/path><\/svg><\/a><\/li><li class=\"uagb-team__social-icon\"><a href=\"https:\/\/fr.linkedin.com\/in\/xavier-dols-4771a622b\" aria-label=\"linkedin\" target=\"_blank\" title=\"\" rel=\"noopener noreferrer\"><svg xmlns=\"https:\/\/www.w3.org\/2000\/svg\" viewBox=\"0 0 448 512\"><path d=\"M416 32H31.9C14.3 32 0 46.5 0 64.3v383.4C0 465.5 14.3 480 31.9 480H416c17.6 0 32-14.5 32-32.3V64.3c0-17.8-14.4-32.3-32-32.3zM135.4 416H69V202.2h66.5V416zm-33.2-243c-21.3 0-38.5-17.3-38.5-38.5S80.9 96 102.2 96c21.2 0 38.5 17.3 38.5 38.5 0 21.3-17.2 38.5-38.5 38.5zm282.1 243h-66.4V312c0-24.8-.5-56.7-34.5-56.7-34.6 0-39.9 27-39.9 54.9V416h-66.4V202.2h63.7v29.2h.9c8.9-16.8 30.6-34.5 62.9-34.5 67.2 0 79.7 44.3 79.7 101.9V416z\"><\/path><\/svg><\/a><\/li><\/ul><\/div><\/div>\n<\/div>\n\n\n\n<div class=\"wp-block-uagb-container uagb-block-3bb8c879\">\n<div class=\"wp-block-uagb-team uagb-team__image-position-above uagb-team__align-center uagb-team__stack-tablet uagb-block-874a2c6c\"><div class=\"uagb-team__content\"><img loading=\"lazy\" decoding=\"async\" class=\"uagb-team__image-crop-circle\" src=\"https:\/\/brigadedelimprevisible.fr\/wp-content\/uploads\/2026\/03\/manu-150x150.jpg\" alt=\"\" height=\"100\" width=\"100\" loading=\"lazy\"\/><h3 class=\"uagb-team__title\">Emmanuelle Cazal<\/h3><span class=\"uagb-team__prefix\">Com\u00e9dienne<\/span><p class=\"uagb-team__desc\">Emmanuelle Cazal est une com\u00e9dienne professionnelle exp\u00e9riment\u00e9e, sp\u00e9cialis\u00e9e dans le th\u00e9\u00e2tre et l&rsquo;improvisation. Elle transmet sa passion \u00e0 travers une p\u00e9dagogie inventive, tout en encourageant l&rsquo;exploration de soi sur sc\u00e8ne.<\/p><ul class=\"uagb-team__social-list\"><li class=\"uagb-team__social-icon\"><a href=\"https:\/\/www.instagram.com\/emmanuellecazal.pro\/\" aria-label=\"instagram-square\" target=\"_blank\" title=\"\" rel=\"noopener noreferrer\"><svg xmlns=\"https:\/\/www.w3.org\/2000\/svg\" viewBox=\"0 0 448 512\"><path d=\"M224 202.7A53.34 53.34 0 1 0 277.4 256 53.38 53.38 0 0 0 224 202.7zm124.7-41a54 54 0 0 0 -30.41-30.41c-21-8.29-71-6.43-94.3-6.43s-73.25-1.93-94.31 6.43a54 54 0 0 0 -30.41 30.41c-8.28 21-6.43 71.05-6.43 94.33S91 329.3 99.32 350.3a54 54 0 0 0 30.41 30.41c21 8.29 71 6.43 94.31 6.43s73.24 1.93 94.3-6.43a54 54 0 0 0 30.41-30.41c8.35-21 6.43-71.05 6.43-94.33S357.1 182.7 348.8 161.7zM224 338a82 82 0 1 1 82-82A81.9 81.9 0 0 1 224 338zm85.38-148.3a19.14 19.14 0 1 1 19.13-19.14A19.1 19.1 0 0 1 309.4 189.7zM400 32H48A48 48 0 0 0 0 80V432a48 48 0 0 0 48 48H400a48 48 0 0 0 48-48V80A48 48 0 0 0 400 32zM382.9 322c-1.29 25.63-7.14 48.34-25.85 67s-41.4 24.63-67 25.85c-26.41 1.49-105.6 1.49-132 0-25.63-1.29-48.26-7.15-67-25.85s-24.63-41.42-25.85-67c-1.49-26.42-1.49-105.6 0-132 1.29-25.63 7.07-48.34 25.85-67s41.47-24.56 67-25.78c26.41-1.49 105.6-1.49 132 0 25.63 1.29 48.33 7.15 67 25.85s24.63 41.42 25.85 67.05C384.4 216.4 384.4 295.6 382.9 322z\"><\/path><\/svg><\/a><\/li><li class=\"uagb-team__social-icon\"><a href=\"https:\/\/fr-fr.facebook.com\/people\/Emmanuelle-Cazal\/pfbid0K5x44MZm72e4dh6KCqqu4CeeNwU6me4JcgkAmodW6spxFwLRiWtgMGETWKHYUUJBl\/\" aria-label=\"facebook\" target=\"_blank\" title=\"\" rel=\"noopener noreferrer\"><svg xmlns=\"https:\/\/www.w3.org\/2000\/svg\" viewBox=\"0 0 512 512\"><path d=\"M504 256C504 119 393 8 256 8S8 119 8 256c0 123.8 90.69 226.4 209.3 245V327.7h-63V256h63v-54.64c0-62.15 37-96.48 93.67-96.48 27.14 0 55.52 4.84 55.52 4.84v61h-31.28c-30.8 0-40.41 19.12-40.41 38.73V256h68.78l-11 71.69h-57.78V501C413.3 482.4 504 379.8 504 256z\"><\/path><\/svg><\/a><\/li><\/ul><\/div><\/div>\n<\/div>\n\n\n\n<div class=\"wp-block-uagb-container uagb-block-d8902ddd\">\n<div class=\"wp-block-uagb-team uagb-team__image-position-above uagb-team__align-center uagb-team__stack-tablet uagb-block-11df29fa\"><div class=\"uagb-team__content\"><img loading=\"lazy\" decoding=\"async\" class=\"uagb-team__image-crop-circle\" src=\"https:\/\/brigadedelimprevisible.fr\/wp-content\/uploads\/2026\/03\/vincent_prof1-150x150.jpeg\" alt=\"\" height=\"100\" width=\"100\" loading=\"lazy\"\/><h3 class=\"uagb-team__title\">Vincent Masson<\/h3><span class=\"uagb-team__prefix\">Com\u00e9dien<\/span><p class=\"uagb-team__desc\">Vincent est com\u00e9dien et coach en improvisation. Il est \u00e9galement artiste clown. Dans sa p\u00e9dagogie il met en avant l&rsquo;utilisation du corps, du mime et de l&rsquo;absurde. Selon lui, cr\u00e9er son d\u00e9cors, avoir des personnages et s&rsquo;amuser sur sc\u00e8ne sont des choses importantes en impro.<\/p><ul class=\"uagb-team__social-list\"><li class=\"uagb-team__social-icon\"><a href=\"https:\/\/www.instagram.com\/vincent.nc\/\" aria-label=\"instagram-square\" target=\"_blank\" title=\"\" rel=\"noopener noreferrer\"><svg xmlns=\"https:\/\/www.w3.org\/2000\/svg\" viewBox=\"0 0 448 512\"><path d=\"M224 202.7A53.34 53.34 0 1 0 277.4 256 53.38 53.38 0 0 0 224 202.7zm124.7-41a54 54 0 0 0 -30.41-30.41c-21-8.29-71-6.43-94.3-6.43s-73.25-1.93-94.31 6.43a54 54 0 0 0 -30.41 30.41c-8.28 21-6.43 71.05-6.43 94.33S91 329.3 99.32 350.3a54 54 0 0 0 30.41 30.41c21 8.29 71 6.43 94.31 6.43s73.24 1.93 94.3-6.43a54 54 0 0 0 30.41-30.41c8.35-21 6.43-71.05 6.43-94.33S357.1 182.7 348.8 161.7zM224 338a82 82 0 1 1 82-82A81.9 81.9 0 0 1 224 338zm85.38-148.3a19.14 19.14 0 1 1 19.13-19.14A19.1 19.1 0 0 1 309.4 189.7zM400 32H48A48 48 0 0 0 0 80V432a48 48 0 0 0 48 48H400a48 48 0 0 0 48-48V80A48 48 0 0 0 400 32zM382.9 322c-1.29 25.63-7.14 48.34-25.85 67s-41.4 24.63-67 25.85c-26.41 1.49-105.6 1.49-132 0-25.63-1.29-48.26-7.15-67-25.85s-24.63-41.42-25.85-67c-1.49-26.42-1.49-105.6 0-132 1.29-25.63 7.07-48.34 25.85-67s41.47-24.56 67-25.78c26.41-1.49 105.6-1.49 132 0 25.63 1.29 48.33 7.15 67 25.85s24.63 41.42 25.85 67.05C384.4 216.4 384.4 295.6 382.9 322z\"><\/path><\/svg><\/a><\/li><li class=\"uagb-team__social-icon\"><a href=\"https:\/\/www.facebook.com\/vincent.masson3\" aria-label=\"facebook\" target=\"_blank\" title=\"\" rel=\"noopener noreferrer\"><svg xmlns=\"https:\/\/www.w3.org\/2000\/svg\" viewBox=\"0 0 512 512\"><path d=\"M504 256C504 119 393 8 256 8S8 119 8 256c0 123.8 90.69 226.4 209.3 245V327.7h-63V256h63v-54.64c0-62.15 37-96.48 93.67-96.48 27.14 0 55.52 4.84 55.52 4.84v61h-31.28c-30.8 0-40.41 19.12-40.41 38.73V256h68.78l-11 71.69h-57.78V501C413.3 482.4 504 379.8 504 256z\"><\/path><\/svg><\/a><\/li><\/ul><\/div><\/div>\n<\/div>\n\n\n\n<div class=\"wp-block-uagb-container uagb-block-172d3fe0\">\n<div class=\"wp-block-uagb-team uagb-team__image-position-above uagb-team__align-center uagb-team__stack-tablet uagb-block-64dc1f39\"><div class=\"uagb-team__content\"><img loading=\"lazy\" decoding=\"async\" class=\"uagb-team__image-crop-circle\" src=\"https:\/\/brigadedelimprevisible.fr\/wp-content\/uploads\/2026\/03\/jason-150x150.jpeg\" alt=\"\" height=\"100\" width=\"100\" loading=\"lazy\"\/><h3 class=\"uagb-team__title\">Jason Tome<\/h3><span class=\"uagb-team__prefix\">Com\u00e9dienne<\/span><p class=\"uagb-team__desc\">Jason Tome est une artiste aux multiples facettes. Com\u00e9dienne, Improvisatrice, Effeuilleuse et Drag, elle utilise toutes ses ressources afin de guider la BRI dans des univers inconnus.<br>Mise sur sc\u00e8ne alors qu&rsquo;elle ne savait m\u00eame pas encore lire, elle ne l&rsquo;a plus jamais quitt\u00e9.<br>Commencant par le th\u00e9\u00e2tre \u00e0 texte, elle d\u00e9couvrira plus tard le monde du th\u00e9\u00e2tre d&rsquo;improvisatrion et du burlesque.<br>Jason se nourrie de tous les arts qu&rsquo;elle pratique afin de faire d\u00e9couvrir de nouvelles opportunit\u00e9s aux autres.<br>\u00ab\u00a0La sc\u00e8ne est le seul espace o\u00f9 l&rsquo;on peut \u00eatre 100% soi-m\u00eame, sans crainte d&rsquo;\u00eatre jug\u00e9\u00b7e comme trop ou pas assez.\u00a0\u00bb<\/p><ul class=\"uagb-team__social-list\"><li class=\"uagb-team__social-icon\"><a href=\"https:\/\/www.instagram.com\/tomejason\/\" aria-label=\"instagram-square\" target=\"_blank\" title=\"\" rel=\"noopener noreferrer\"><svg xmlns=\"https:\/\/www.w3.org\/2000\/svg\" viewBox=\"0 0 448 512\"><path d=\"M224 202.7A53.34 53.34 0 1 0 277.4 256 53.38 53.38 0 0 0 224 202.7zm124.7-41a54 54 0 0 0 -30.41-30.41c-21-8.29-71-6.43-94.3-6.43s-73.25-1.93-94.31 6.43a54 54 0 0 0 -30.41 30.41c-8.28 21-6.43 71.05-6.43 94.33S91 329.3 99.32 350.3a54 54 0 0 0 30.41 30.41c21 8.29 71 6.43 94.31 6.43s73.24 1.93 94.3-6.43a54 54 0 0 0 30.41-30.41c8.35-21 6.43-71.05 6.43-94.33S357.1 182.7 348.8 161.7zM224 338a82 82 0 1 1 82-82A81.9 81.9 0 0 1 224 338zm85.38-148.3a19.14 19.14 0 1 1 19.13-19.14A19.1 19.1 0 0 1 309.4 189.7zM400 32H48A48 48 0 0 0 0 80V432a48 48 0 0 0 48 48H400a48 48 0 0 0 48-48V80A48 48 0 0 0 400 32zM382.9 322c-1.29 25.63-7.14 48.34-25.85 67s-41.4 24.63-67 25.85c-26.41 1.49-105.6 1.49-132 0-25.63-1.29-48.26-7.15-67-25.85s-24.63-41.42-25.85-67c-1.49-26.42-1.49-105.6 0-132 1.29-25.63 7.07-48.34 25.85-67s41.47-24.56 67-25.78c26.41-1.49 105.6-1.49 132 0 25.63 1.29 48.33 7.15 67 25.85s24.63 41.42 25.85 67.05C384.4 216.4 384.4 295.6 382.9 322z\"><\/path><\/svg><\/a><\/li><\/ul><\/div><\/div>\n<\/div>\n<\/div><\/div>\n","protected":false},"excerpt":{"rendered":"<p>Nos profs Parce que l&rsquo;improvisation \u00e7a ne s\u2019improvise pas, nous nous entrainons toutes les semaines lors d&rsquo;atelier supervis\u00e9s par des professeurs d&rsquo;exception : tous des pro, des vrais !<\/p>\n","protected":false},"author":1,"featured_media":0,"parent":0,"menu_order":0,"comment_status":"closed","ping_status":"closed","template":"","meta":{"_uag_custom_page_level_css":"","_themeisle_gutenberg_block_has_review":false,"inspiro_hide_title":false,"footnotes":""},"class_list":["post-79","page","type-page","status-publish","hentry"],"uagb_featured_image_src":{"full":false,"thumbnail":false,"medium":false,"medium_large":false,"large":false,"1536x1536":false,"2048x2048":false,"inspiro-featured-image":false,"inspiro-loop":false,"inspiro-loop@2x":false},"uagb_author_info":{"display_name":"superbrigand","author_link":"https:\/\/brigadedelimprevisible.fr\/index.php\/author\/admin7155\/"},"uagb_comment_info":0,"uagb_excerpt":"Nos profs Parce que l&rsquo;improvisation \u00e7a ne s\u2019improvise pas, nous nous entrainons toutes les semaines lors d&rsquo;atelier supervis\u00e9s par des professeurs d&rsquo;exception : tous des pro, des vrais !","_links":{"self":[{"href":"https:\/\/brigadedelimprevisible.fr\/index.php\/wp-json\/wp\/v2\/pages\/79","targetHints":{"allow":["GET"]}}],"collection":[{"href":"https:\/\/brigadedelimprevisible.fr\/index.php\/wp-json\/wp\/v2\/pages"}],"about":[{"href":"https:\/\/brigadedelimprevisible.fr\/index.php\/wp-json\/wp\/v2\/types\/page"}],"author":[{"embeddable":true,"href":"https:\/\/brigadedelimprevisible.fr\/index.php\/wp-json\/wp\/v2\/users\/1"}],"replies":[{"embeddable":true,"href":"https:\/\/brigadedelimprevisible.fr\/index.php\/wp-json\/wp\/v2\/comments?post=79"}],"version-history":[{"count":7,"href":"https:\/\/brigadedelimprevisible.fr\/index.php\/wp-json\/wp\/v2\/pages\/79\/revisions"}],"predecessor-version":[{"id":162,"href":"https:\/\/brigadedelimprevisible.fr\/index.php\/wp-json\/wp\/v2\/pages\/79\/revisions\/162"}],"wp:attachment":[{"href":"https:\/\/brigadedelimprevisible.fr\/index.php\/wp-json\/wp\/v2\/media?parent=79"}],"curies":[{"name":"wp","href":"https:\/\/api.w.org\/{rel}","templated":true}]}}