{"id":66,"date":"2026-03-23T20:01:27","date_gmt":"2026-03-23T20:01:27","guid":{"rendered":"http:\/\/zhunzsb.cluster121.hosting.ovh.net\/?page_id=66"},"modified":"2026-04-10T22:57:14","modified_gmt":"2026-04-10T20:57:14","slug":"qui-sommes-nous","status":"publish","type":"page","link":"https:\/\/brigadedelimprevisible.fr\/index.php\/qui-sommes-nous\/","title":{"rendered":"Qui sommes nous ?"},"content":{"rendered":"\n<div class=\"wp-block-uagb-advanced-heading uagb-block-111ce5bf\"><h2 class=\"uagb-heading-text\">Pr\u00e9sentation<\/h2><\/div>\n\n\n\n<div class=\"wp-block-uagb-container uagb-block-1ec28880 alignfull uagb-is-root-container\"><div class=\"uagb-container-inner-blocks-wrap\">\n<div class=\"wp-block-uagb-container uagb-block-5c7fce16\">\n<div class=\"wp-block-uagb-image uagb-block-cd099e41 wp-block-uagb-image--layout-default wp-block-uagb-image--effect-static wp-block-uagb-image--align-none\"><figure class=\"wp-block-uagb-image__figure\"><img loading=\"lazy\" decoding=\"async\" srcset=\"https:\/\/brigadedelimprevisible.fr\/wp-content\/uploads\/2026\/03\/bri_main_yello_parrot_banner-819x1024.jpg ,https:\/\/brigadedelimprevisible.fr\/wp-content\/uploads\/2026\/03\/bri_main_yello_parrot_banner.jpg 780w, https:\/\/brigadedelimprevisible.fr\/wp-content\/uploads\/2026\/03\/bri_main_yello_parrot_banner.jpg 360w\" sizes=\"auto, (max-width: 480px) 150px\" src=\"https:\/\/brigadedelimprevisible.fr\/wp-content\/uploads\/2026\/03\/bri_main_yello_parrot_banner-819x1024.jpg\" alt=\"\" class=\"uag-image-16\" width=\"819\" height=\"1024\" title=\"bri_main_yello_parrot_banner\" loading=\"lazy\" role=\"img\"\/><\/figure><\/div>\n<\/div>\n\n\n\n<div class=\"wp-block-uagb-container uagb-block-00e52e07\">\n<p>N\u00e9e \u00e0 Gradignan fin 2024, la Brigade de l&rsquo;Impr\u00e9visible (BRi) est la petite nouvelle des troupes d&rsquo;impro de la m\u00e9tropole ! On est un collectif de 24 passionn\u00e9s d&rsquo;impro, amateurs mais avec des ann\u00e9es de pratique pour certains.<\/p>\n<\/div>\n<\/div><\/div>\n\n\n\n<div class=\"wp-block-uagb-advanced-heading uagb-block-06c5df73\"><h2 class=\"uagb-heading-text\">Notre histoire<\/h2><\/div>\n\n\n\n<div class=\"wp-block-uagb-container uagb-block-2be0b1cf alignfull uagb-is-root-container\"><div class=\"uagb-container-inner-blocks-wrap\">\n<div class=\"wp-block-uagb-container uagb-block-bb44a9ab\">\n<p>La Brigade c&rsquo;est un groupe de com\u00e9diens amateurs, mais surtout de bons amis, passionn\u00e9s par l&rsquo;impro depuis des ann\u00e9es. Apr\u00e8s avoir peaufin\u00e9 notre art au sein d&rsquo;une autre troupe, on a d\u00e9cid\u00e9 de se lancer dans notre propre aventure. Anim\u00e9s par un esprit de camaraderie et un amour pour la sc\u00e8ne, on voulait offrir une nouvelle approche de l&rsquo;impro, o\u00f9 l&rsquo;impr\u00e9visible et la cr\u00e9ativit\u00e9 sont au c\u0153ur de chaque performance. Depuis, notre ligue \u00e9volue dans la bonne humeur et le plaisir du jeu collectif !<\/p>\n<\/div>\n\n\n\n<div class=\"wp-block-uagb-container uagb-block-f611f52c\">\n<div class=\"wp-block-uagb-image uagb-block-38680ad9 wp-block-uagb-image--layout-default wp-block-uagb-image--effect-static wp-block-uagb-image--align-none\"><figure class=\"wp-block-uagb-image__figure\"><img loading=\"lazy\" decoding=\"async\" srcset=\"https:\/\/brigadedelimprevisible.fr\/wp-content\/uploads\/2026\/03\/parot-819x1024.jpg ,https:\/\/brigadedelimprevisible.fr\/wp-content\/uploads\/2026\/03\/parot.jpg 780w, https:\/\/brigadedelimprevisible.fr\/wp-content\/uploads\/2026\/03\/parot.jpg 360w\" sizes=\"auto, (max-width: 480px) 150px\" src=\"https:\/\/brigadedelimprevisible.fr\/wp-content\/uploads\/2026\/03\/parot-819x1024.jpg\" alt=\"\" class=\"uag-image-45\" width=\"819\" height=\"1024\" title=\"parot\" loading=\"lazy\" role=\"img\"\/><\/figure><\/div>\n<\/div>\n<\/div><\/div>\n\n\n\n<div class=\"wp-block-uagb-advanced-heading uagb-block-4bd18680\"><h2 class=\"uagb-heading-text\">Nos valeurs<\/h2><\/div>\n\n\n\n<div class=\"wp-block-uagb-container uagb-block-d035fc7f alignfull uagb-is-root-container\"><div class=\"uagb-container-inner-blocks-wrap\">\n<div class=\"wp-block-uagb-container uagb-block-37304d32\">\n<div class=\"wp-block-uagb-image uagb-block-443b0890 wp-block-uagb-image--layout-default wp-block-uagb-image--effect-static wp-block-uagb-image--align-none\"><figure class=\"wp-block-uagb-image__figure\"><img loading=\"lazy\" decoding=\"async\" srcset=\"https:\/\/brigadedelimprevisible.fr\/wp-content\/uploads\/2026\/03\/parrot_banner_rentree-819x1024.jpg ,https:\/\/brigadedelimprevisible.fr\/wp-content\/uploads\/2026\/03\/parrot_banner_rentree.jpg 780w, https:\/\/brigadedelimprevisible.fr\/wp-content\/uploads\/2026\/03\/parrot_banner_rentree.jpg 360w\" sizes=\"auto, (max-width: 480px) 150px\" src=\"https:\/\/brigadedelimprevisible.fr\/wp-content\/uploads\/2026\/03\/parrot_banner_rentree-819x1024.jpg\" alt=\"\" class=\"uag-image-46\" width=\"819\" height=\"1024\" title=\"parrot_banner_rentree\" loading=\"lazy\" role=\"img\"\/><\/figure><\/div>\n<\/div>\n\n\n\n<div class=\"wp-block-uagb-container uagb-block-7172f780\">\n<p>Dans notre ligue, on d\u00e9fend des valeurs essentielles : le respect, la bienveillance et l&rsquo;esprit d&rsquo;\u00e9quipe. Pour nous, l&rsquo;impro, c&rsquo;est avant tout un espace de libert\u00e9 o\u00f9 chacun peut s&rsquo;exprimer sans crainte, dans une ambiance de confiance. La spontan\u00e9it\u00e9 et la cr\u00e9ativit\u00e9 sont au c\u0153ur de notre d\u00e9marche, toujours au service du collectif. On croit fermement que l&rsquo;humour, la g\u00e9n\u00e9rosit\u00e9 sur sc\u00e8ne et le plaisir de partager sont les cl\u00e9s pour cr\u00e9er des moments uniques et faire vivre des \u00e9motions authentiques \u00e0 notre public.<\/p>\n\n\n\n<p>Sur sc\u00e8ne, l&rsquo;improvisateur a pour mission de raconter une histoire captivante en seulement quelques minutes. Pour y parvenir, plusieurs \u00e9l\u00e9ments sont cruciaux :<\/p>\n\n\n\n<p><strong>L&rsquo;\u00e9coute<\/strong> : L&rsquo;improvisateur doit \u00eatre \u00e0 l&rsquo;aff\u00fbt de chaque mot et geste de ses partenaires. Une \u00e9coute active permet de rebondir instantan\u00e9ment et de construire une histoire coh\u00e9rente et fluide.<\/p>\n\n\n\n<p><strong>La sinc\u00e9rit\u00e9<\/strong> : La performance doit \u00eatre authentique. Le public ressent imm\u00e9diatement lorsque les \u00e9motions sont vraies, ce qui rend l&rsquo;histoire d&rsquo;autant plus touchante et cr\u00e9dible.<\/p>\n\n\n\n<p><strong>Faire avancer l\u2019histoire<\/strong> : Chaque intervention doit contribuer \u00e0 l\u2019\u00e9volution du r\u00e9cit. Il s\u2019agit de cr\u00e9er des rebondissements, de r\u00e9soudre des conflits ou d\u2019introduire de nouveaux \u00e9l\u00e9ments pour maintenir l\u2019int\u00e9r\u00eat.<\/p>\n\n\n\n<p><strong>Construire des lieux<\/strong> : En quelques mots ou gestes, l&rsquo;improvisateur doit \u00eatre capable de transporter le public dans diff\u00e9rents d\u00e9cors. Que ce soit une for\u00eat enchant\u00e9e ou un caf\u00e9 parisien, chaque d\u00e9tail compte pour immerger le spectateur.<\/p>\n\n\n\n<p><strong>Les p\u00e9rip\u00e9ties<\/strong> : Les impr\u00e9vus et les retournements de situation sont au c\u0153ur de l&rsquo;improvisation. Ils ajoutent du piquant et de l&rsquo;impr\u00e9visibilit\u00e9, rendant chaque repr\u00e9sentation unique.<\/p>\n\n\n\n<p><strong>Les relations<\/strong> : D\u00e9velopper des liens entre les personnages est essentiel. Que ce soit de l&rsquo;amiti\u00e9, de l&rsquo;amour ou de la rivalit\u00e9, ces interactions enrichissent l&rsquo;histoire et captivent le public.<\/p>\n\n\n\n<p>En somme, l&rsquo;improvisation th\u00e9\u00e2trale est un art exigeant qui repose sur la capacit\u00e9 \u00e0 \u00e9couter, \u00e0 \u00eatre sinc\u00e8re et \u00e0 construire rapidement un univers riche et captivant.<\/p>\n\n\n\n<p>Le <strong>toucan<\/strong>, notre embl\u00e8me, repr\u00e9sente cette diversit\u00e9 et cette audace : avec ses couleurs vives et son caract\u00e8re unique, il symbolise notre volont\u00e9 de surprendre et d\u2019\u00e9merveiller \u00e0 chaque repr\u00e9sentation.<\/p>\n<\/div>\n<\/div><\/div>\n\n\n\n<p><\/p>\n","protected":false},"excerpt":{"rendered":"<p>Pr\u00e9sentation N\u00e9e \u00e0 Gradignan fin 2024, la Brigade de l&rsquo;Impr\u00e9visible (BRi) est la petite nouvelle des troupes d&rsquo;impro de la m\u00e9tropole ! On est un collectif de 24 passionn\u00e9s d&rsquo;impro, amateurs mais avec des ann\u00e9es de pratique pour certains. Notre histoire La Brigade c&rsquo;est un groupe de com\u00e9diens amateurs, mais surtout de bons amis, passionn\u00e9s &hellip; <\/p>\n<p class=\"link-more\"><a href=\"https:\/\/brigadedelimprevisible.fr\/index.php\/qui-sommes-nous\/\" class=\"more-link\">Lire la suite de<span class=\"screen-reader-text\">\u00ab\u00a0Qui sommes nous ?\u00a0\u00bb<\/span><\/a><\/p>\n","protected":false},"author":1,"featured_media":0,"parent":0,"menu_order":0,"comment_status":"closed","ping_status":"closed","template":"","meta":{"_uag_custom_page_level_css":"","_themeisle_gutenberg_block_has_review":false,"inspiro_hide_title":false,"footnotes":""},"class_list":["post-66","page","type-page","status-publish","hentry"],"uagb_featured_image_src":{"full":false,"thumbnail":false,"medium":false,"medium_large":false,"large":false,"1536x1536":false,"2048x2048":false,"inspiro-featured-image":false,"inspiro-loop":false,"inspiro-loop@2x":false},"uagb_author_info":{"display_name":"superbrigand","author_link":"https:\/\/brigadedelimprevisible.fr\/index.php\/author\/admin7155\/"},"uagb_comment_info":0,"uagb_excerpt":"Pr\u00e9sentation N\u00e9e \u00e0 Gradignan fin 2024, la Brigade de l&rsquo;Impr\u00e9visible (BRi) est la petite nouvelle des troupes d&rsquo;impro de la m\u00e9tropole ! On est un collectif de 24 passionn\u00e9s d&rsquo;impro, amateurs mais avec des ann\u00e9es de pratique pour certains. Notre histoire La Brigade c&rsquo;est un groupe de com\u00e9diens amateurs, mais surtout de bons amis, passionn\u00e9s\u2026","_links":{"self":[{"href":"https:\/\/brigadedelimprevisible.fr\/index.php\/wp-json\/wp\/v2\/pages\/66","targetHints":{"allow":["GET"]}}],"collection":[{"href":"https:\/\/brigadedelimprevisible.fr\/index.php\/wp-json\/wp\/v2\/pages"}],"about":[{"href":"https:\/\/brigadedelimprevisible.fr\/index.php\/wp-json\/wp\/v2\/types\/page"}],"author":[{"embeddable":true,"href":"https:\/\/brigadedelimprevisible.fr\/index.php\/wp-json\/wp\/v2\/users\/1"}],"replies":[{"embeddable":true,"href":"https:\/\/brigadedelimprevisible.fr\/index.php\/wp-json\/wp\/v2\/comments?post=66"}],"version-history":[{"count":6,"href":"https:\/\/brigadedelimprevisible.fr\/index.php\/wp-json\/wp\/v2\/pages\/66\/revisions"}],"predecessor-version":[{"id":161,"href":"https:\/\/brigadedelimprevisible.fr\/index.php\/wp-json\/wp\/v2\/pages\/66\/revisions\/161"}],"wp:attachment":[{"href":"https:\/\/brigadedelimprevisible.fr\/index.php\/wp-json\/wp\/v2\/media?parent=66"}],"curies":[{"name":"wp","href":"https:\/\/api.w.org\/{rel}","templated":true}]}}